{"id":2621,"date":"2026-02-27T06:21:34","date_gmt":"2026-02-27T06:21:34","guid":{"rendered":"https:\/\/gsmphone.testinglinq.com\/?post_type=product&#038;p=2621"},"modified":"2026-03-09T08:09:17","modified_gmt":"2026-03-09T08:09:17","slug":"orbic-journey-v-flip","status":"publish","type":"product","link":"https:\/\/gsmphone.testinglinq.com\/fr\/product\/orbic-journey-v-flip\/","title":{"rendered":"ORBIC JOURNEY-V FLIP"},"content":{"rendered":"<p>T\u00e9l\u00e9phone \u00e0 clapet compact avec double \u00e9cran<\/p>\n","protected":false},"excerpt":{"rendered":"<p>T\u00e9l\u00e9phone \u00e0 clapet compact avec double \u00e9cran<\/p>\n","protected":false},"featured_media":2622,"template":"","meta":[],"product_brand":[],"product_cat":[29],"product_tag":[],"class_list":{"0":"post-2621","1":"product","2":"type-product","3":"status-publish","4":"has-post-thumbnail","6":"product_cat-phones","8":"entry","9":"has-media","11":"first","12":"instock","13":"taxable","14":"shipping-taxable","15":"purchasable","16":"product-type-simple","17":"col","18":"span_1_of_4","19":"owp-content-center","20":"owp-thumbs-layout-horizontal","21":"owp-btn-big","22":"owp-tabs-layout-horizontal","23":"has-no-thumbnails"},"_links":{"self":[{"href":"https:\/\/gsmphone.testinglinq.com\/fr\/wp-json\/wp\/v2\/product\/2621","targetHints":{"allow":["GET"]}}],"collection":[{"href":"https:\/\/gsmphone.testinglinq.com\/fr\/wp-json\/wp\/v2\/product"}],"about":[{"href":"https:\/\/gsmphone.testinglinq.com\/fr\/wp-json\/wp\/v2\/types\/product"}],"wp:featuredmedia":[{"embeddable":true,"href":"https:\/\/gsmphone.testinglinq.com\/fr\/wp-json\/wp\/v2\/media\/2622"}],"wp:attachment":[{"href":"https:\/\/gsmphone.testinglinq.com\/fr\/wp-json\/wp\/v2\/media?parent=2621"}],"wp:term":[{"taxonomy":"product_brand","embeddable":true,"href":"https:\/\/gsmphone.testinglinq.com\/fr\/wp-json\/wp\/v2\/product_brand?post=2621"},{"taxonomy":"product_cat","embeddable":true,"href":"https:\/\/gsmphone.testinglinq.com\/fr\/wp-json\/wp\/v2\/product_cat?post=2621"},{"taxonomy":"product_tag","embeddable":true,"href":"https:\/\/gsmphone.testinglinq.com\/fr\/wp-json\/wp\/v2\/product_tag?post=2621"}],"curies":[{"name":"wp","href":"https:\/\/api.w.org\/{rel}","templated":true}]}}