{"id":1996,"date":"2026-02-02T11:13:59","date_gmt":"2026-02-02T11:13:59","guid":{"rendered":"https:\/\/gsmphone.testinglinq.com\/?post_type=product&#038;p=1996"},"modified":"2026-03-11T07:11:55","modified_gmt":"2026-03-11T07:11:55","slug":"25-go-appels-partout-au-canada","status":"publish","type":"product","link":"https:\/\/gsmphone.testinglinq.com\/fr\/product\/25-go-appels-partout-au-canada\/","title":{"rendered":"25 Go + Appels Partout au Canada"},"content":{"rendered":"","protected":false},"excerpt":{"rendered":"<p data-start=\"38\" data-end=\"60\"><strong data-start=\"38\" data-end=\"60\">Caract\u00e9ristiques :<\/strong><\/p>\n<ul>\n<li data-start=\"62\" data-end=\"275\">25 Go<\/li>\n<li data-start=\"62\" data-end=\"275\">Bonus de 5 Go avec paiement automatique<\/li>\n<li data-start=\"62\" data-end=\"275\">Appels illimit\u00e9s partout au Canada<\/li>\n<li data-start=\"62\" data-end=\"275\">Messages entrants illimit\u00e9s et 2 000 messages sortants vers le Canada, les \u00c9tats-Unis et l\u2019international<\/li>\n<li data-start=\"62\" data-end=\"275\">Messagerie vocale<\/li>\n<\/ul>\n<p><strong data-start=\"253\" data-end=\"285\">Tous les forfaits incluent :<\/strong><br \/>\nmessagerie vocale \u2022 afficheur \u2022 appel en attente \u2022 renvoi d\u2019appel \u2022 conf\u00e9rence t\u00e9l\u00e9phonique \u2022 \u00e9conomiseur d\u2019appels internationaux. Conservez votre num\u00e9ro de t\u00e9l\u00e9phone mobile actuel lorsque vous passez \u00e0 chatr.<\/p>\n<p data-start=\"502\" data-end=\"525\"><strong data-start=\"502\" data-end=\"525\">Comment l\u2019acheter ?<\/strong><\/p>\n<p data-start=\"527\" data-end=\"611\">Ajouter au panier \u2013 S\u00e9lectionner le lieu de ramassage \u2013 Ramasser et payer en magasin<\/p>\n<div class=\"flex flex-col text-sm pb-25\">\n<article class=\"text-token-text-primary w-full focus:outline-none [--shadow-height:45px] has-data-writing-block:pointer-events-none has-data-writing-block:-mt-(--shadow-height) has-data-writing-block:pt-(--shadow-height) [&amp;:has([data-writing-block])&gt;*]:pointer-events-auto scroll-mt-[calc(var(--header-height)+min(200px,max(70px,20svh)))]\" dir=\"auto\" tabindex=\"-1\" data-turn-id=\"request-69a6b0c9-03dc-83aa-95a3-cd6056138fac-11\" data-testid=\"conversation-turn-200\" data-scroll-anchor=\"true\" data-turn=\"assistant\">\n<div class=\"text-base my-auto mx-auto pb-10 [--thread-content-margin:var(--thread-content-margin-xs,calc(var(--spacing)*4))] @w-sm\/main:[--thread-content-margin:var(--thread-content-margin-sm,calc(var(--spacing)*6))] @w-lg\/main:[--thread-content-margin:var(--thread-content-margin-lg,calc(var(--spacing)*16))] px-(--thread-content-margin)\">\n<div class=\"[--thread-content-max-width:40rem] @w-lg\/main:[--thread-content-max-width:48rem] mx-auto max-w-(--thread-content-max-width) flex-1 group\/turn-messages focus-visible:outline-hidden relative flex w-full min-w-0 flex-col agent-turn\" tabindex=\"-1\">\n<div class=\"flex max-w-full flex-col gap-4 grow\">\n<div class=\"min-h-8 text-message relative flex w-full flex-col items-end gap-2 text-start break-words whitespace-normal [.text-message+&amp;]:mt-1\" dir=\"auto\" data-message-author-role=\"assistant\" data-message-id=\"3ce991f8-83d4-4762-8a00-4bf0b9e12afc\" data-message-model-slug=\"gpt-5-3\">\n<div class=\"flex w-full flex-col gap-1 empty:hidden\">\n<div class=\"markdown prose dark:prose-invert w-full wrap-break-word dark markdown-new-styling\">\n<p data-start=\"618\" data-end=\"705\" data-is-last-node=\"\" data-is-only-node=\"\"><strong data-start=\"618\" data-end=\"705\" data-is-last-node=\"\">Aucune v\u00e9rification de cr\u00e9dit | Aucun contrat \u00e0 dur\u00e9e d\u00e9termin\u00e9e | Aucun engagement<\/strong><\/p>\n<\/div>\n<\/div>\n<\/div>\n<\/div>\n<\/div>\n<\/div>\n<\/article>\n<\/div>\n","protected":false},"featured_media":3174,"template":"","meta":[],"product_brand":[],"product_cat":[26],"product_tag":[],"class_list":{"0":"post-1996","1":"product","2":"type-product","3":"status-publish","4":"has-post-thumbnail","6":"product_cat-rate-cards","8":"entry","9":"has-media","11":"first","12":"instock","13":"taxable","14":"shipping-taxable","15":"purchasable","16":"product-type-simple","17":"col","18":"span_1_of_4","19":"owp-content-center","20":"owp-thumbs-layout-horizontal","21":"owp-btn-big","22":"owp-tabs-layout-horizontal","23":"has-no-thumbnails"},"_links":{"self":[{"href":"https:\/\/gsmphone.testinglinq.com\/fr\/wp-json\/wp\/v2\/product\/1996","targetHints":{"allow":["GET"]}}],"collection":[{"href":"https:\/\/gsmphone.testinglinq.com\/fr\/wp-json\/wp\/v2\/product"}],"about":[{"href":"https:\/\/gsmphone.testinglinq.com\/fr\/wp-json\/wp\/v2\/types\/product"}],"wp:featuredmedia":[{"embeddable":true,"href":"https:\/\/gsmphone.testinglinq.com\/fr\/wp-json\/wp\/v2\/media\/3174"}],"wp:attachment":[{"href":"https:\/\/gsmphone.testinglinq.com\/fr\/wp-json\/wp\/v2\/media?parent=1996"}],"wp:term":[{"taxonomy":"product_brand","embeddable":true,"href":"https:\/\/gsmphone.testinglinq.com\/fr\/wp-json\/wp\/v2\/product_brand?post=1996"},{"taxonomy":"product_cat","embeddable":true,"href":"https:\/\/gsmphone.testinglinq.com\/fr\/wp-json\/wp\/v2\/product_cat?post=1996"},{"taxonomy":"product_tag","embeddable":true,"href":"https:\/\/gsmphone.testinglinq.com\/fr\/wp-json\/wp\/v2\/product_tag?post=1996"}],"curies":[{"name":"wp","href":"https:\/\/api.w.org\/{rel}","templated":true}]}}