{"id":966,"date":"2026-01-18T21:11:03","date_gmt":"2026-01-18T21:11:03","guid":{"rendered":"https:\/\/gsmphone.testinglinq.com\/?page_id=966"},"modified":"2026-03-09T07:32:33","modified_gmt":"2026-03-09T07:32:33","slug":"conditions-generales","status":"publish","type":"page","link":"https:\/\/gsmphone.testinglinq.com\/fr\/conditions-generales\/","title":{"rendered":"Conditions G\u00e9n\u00e9rales"},"content":{"rendered":"\t\t<div data-elementor-type=\"wp-page\" data-elementor-id=\"966\" class=\"elementor elementor-966\">\n\t\t\t\t\t\t<section class=\"elementor-section elementor-top-section elementor-element elementor-element-73a56db elementor-section-boxed elementor-section-height-default elementor-section-height-default wpr-particle-no wpr-jarallax-no wpr-parallax-no wpr-sticky-section-no\" data-id=\"73a56db\" data-element_type=\"section\" data-e-type=\"section\" data-settings=\"{&quot;background_background&quot;:&quot;classic&quot;}\">\n\t\t\t\t\t\t<div class=\"elementor-container elementor-column-gap-default\">\n\t\t\t\t\t<div class=\"elementor-column elementor-col-100 elementor-top-column elementor-element elementor-element-3e07a35\" data-id=\"3e07a35\" data-element_type=\"column\" data-e-type=\"column\">\n\t\t\t<div class=\"elementor-widget-wrap elementor-element-populated\">\n\t\t\t\t\t\t<section class=\"elementor-section elementor-inner-section elementor-element elementor-element-24eecad elementor-section-boxed elementor-section-height-default elementor-section-height-default wpr-particle-no wpr-jarallax-no wpr-parallax-no wpr-sticky-section-no\" data-id=\"24eecad\" data-element_type=\"section\" data-e-type=\"section\">\n\t\t\t\t\t\t<div class=\"elementor-container elementor-column-gap-default\">\n\t\t\t\t\t<div class=\"elementor-column elementor-col-100 elementor-inner-column elementor-element elementor-element-443e58b\" data-id=\"443e58b\" data-element_type=\"column\" data-e-type=\"column\">\n\t\t\t<div class=\"elementor-widget-wrap elementor-element-populated\">\n\t\t\t\t\t\t<div class=\"elementor-element elementor-element-7e5d723 elementor-widget elementor-widget-heading\" data-id=\"7e5d723\" data-element_type=\"widget\" data-e-type=\"widget\" data-widget_type=\"heading.default\">\n\t\t\t\t\t<h2 class=\"elementor-heading-title elementor-size-default\">Conditions G\u00e9n\u00e9rales<\/h2>\t\t\t\t<\/div>\n\t\t\t\t<div class=\"elementor-element elementor-element-2ddd1e2 elementor-widget-divider--view-line elementor-widget elementor-widget-divider\" data-id=\"2ddd1e2\" data-element_type=\"widget\" data-e-type=\"widget\" data-widget_type=\"divider.default\">\n\t\t\t\t\t\t\t<div class=\"elementor-divider\">\n\t\t\t<span class=\"elementor-divider-separator\">\n\t\t\t\t\t\t<\/span>\n\t\t<\/div>\n\t\t\t\t\t\t<\/div>\n\t\t\t\t\t<\/div>\n\t\t<\/div>\n\t\t\t\t\t<\/div>\n\t\t<\/section>\n\t\t\t\t\t<\/div>\n\t\t<\/div>\n\t\t\t\t\t<\/div>\n\t\t<\/section>\n\t\t\t\t<section class=\"elementor-section elementor-top-section elementor-element elementor-element-c6d02fa elementor-section-boxed elementor-section-height-default elementor-section-height-default wpr-particle-no wpr-jarallax-no wpr-parallax-no wpr-sticky-section-no\" data-id=\"c6d02fa\" data-element_type=\"section\" data-e-type=\"section\">\n\t\t\t\t\t\t<div class=\"elementor-container elementor-column-gap-default\">\n\t\t\t\t\t<div class=\"elementor-column elementor-col-100 elementor-top-column elementor-element elementor-element-0079d5a\" data-id=\"0079d5a\" data-element_type=\"column\" data-e-type=\"column\">\n\t\t\t<div class=\"elementor-widget-wrap elementor-element-populated\">\n\t\t\t\t\t\t<section class=\"elementor-section elementor-inner-section elementor-element elementor-element-2ddfd27 elementor-section-boxed elementor-section-height-default elementor-section-height-default wpr-particle-no wpr-jarallax-no wpr-parallax-no wpr-sticky-section-no\" data-id=\"2ddfd27\" data-element_type=\"section\" data-e-type=\"section\">\n\t\t\t\t\t\t<div class=\"elementor-container elementor-column-gap-default\">\n\t\t\t\t\t<div class=\"elementor-column elementor-col-100 elementor-inner-column elementor-element elementor-element-da60576\" data-id=\"da60576\" data-element_type=\"column\" data-e-type=\"column\">\n\t\t\t<div class=\"elementor-widget-wrap elementor-element-populated\">\n\t\t\t\t\t\t<div class=\"elementor-element elementor-element-716f529 elementor-widget elementor-widget-text-editor\" data-id=\"716f529\" data-element_type=\"widget\" data-e-type=\"widget\" data-widget_type=\"text-editor.default\">\n\t\t\t\t\t\t\t\t\t<p data-start=\"28\" data-end=\"410\">Les forfaits et les offres peuvent \u00eatre modifi\u00e9s sans pr\u00e9avis, dans la limite des quantit\u00e9s disponibles. Les taxes sont en sus. Les donn\u00e9es non utilis\u00e9es ne sont pas report\u00e9es au mois suivant. L\u2019utilisation des donn\u00e9es est arrondie au kilo-octet (Ko) complet sup\u00e9rieur. Des frais d\u2019utilisation exc\u00e9dentaire de donn\u00e9es et d\u2019itin\u00e9rance des donn\u00e9es peuvent s\u2019appliquer, le cas \u00e9ch\u00e9ant.<\/p><p data-start=\"412\" data-end=\"706\">Toute modification \u00e0 votre forfait, y compris l\u2019ajout d\u2019une option de forfait, doit \u00eatre effectu\u00e9e la veille de la date anniversaire de votre forfait. Sinon, les frais mensuels complets de votre forfait actuel s\u2019appliqueront en plus des frais mensuels du nouveau forfait ou de l\u2019option ajout\u00e9e.<\/p><p data-start=\"708\" data-end=\"1347\">Si vous vous inscrivez au paiement automatique et que vous avez un forfait admissible au paiement automatique, nous ajouterons le bonus applicable \u00e0 votre compte, lequel sera trait\u00e9 dans les 48 heures suivant le paiement r\u00e9ussi. Toutefois, si vous n\u2019\u00eates plus inscrit au programme de paiement automatique ou si la carte de cr\u00e9dit, Visa D\u00e9bit ou D\u00e9bit Mastercard fournie ne peut pas \u00eatre d\u00e9bit\u00e9e, aucun bonus ne sera appliqu\u00e9 \u00e0 votre compte. L\u2019admissibilit\u00e9 au bonus mon\u00e9taire, le cas \u00e9ch\u00e9ant, n\u2019est autoris\u00e9e qu\u2019une seule fois pendant toute la dur\u00e9e de vie du compte du client et ne peut pas \u00eatre r\u00e9tablie si vous changez d\u2019offre de bonus.<\/p><p data-start=\"1349\" data-end=\"1768\">Pour les clients qui activent un nouveau compte pr\u00e9pay\u00e9, si votre compte est inactif au 58e jour suivant votre date d\u2019activation initiale, votre compte sera d\u00e9sactiv\u00e9. Si le solde de votre compte demeure inf\u00e9rieur au montant des frais mensuels de votre forfait pendant trois mois cons\u00e9cutifs, votre compte sera \u00e9galement d\u00e9sactiv\u00e9. Une fois d\u00e9sactiv\u00e9, vous perdrez le num\u00e9ro de t\u00e9l\u00e9phone mobile qui vous a \u00e9t\u00e9 attribu\u00e9.<\/p><p data-start=\"1770\" data-end=\"1903\">Effectuez des appels illimit\u00e9s vers n\u2019importe quel num\u00e9ro canadien depuis n\u2019importe o\u00f9 au Canada, \u00e0 l\u2019exception des forfaits annuels.<\/p><p data-start=\"1905\" data-end=\"2053\"><strong data-start=\"1905\" data-end=\"1945\">Pour les forfaits de moins de 39 $ :<\/strong><br data-start=\"1945\" data-end=\"1948\" \/>Messages entrants illimit\u00e9s et 2 000 messages sortants vers le Canada, les \u00c9tats-Unis et l\u2019international.<\/p><p data-start=\"2055\" data-end=\"2349\" data-is-last-node=\"\" data-is-only-node=\"\">Recevez des messages texte, photo et vid\u00e9o entrants illimit\u00e9s. Envoyez jusqu\u2019\u00e0 2 000 messages vers des num\u00e9ros mobiles au Canada, aux \u00c9tats-Unis et \u00e0 l\u2019international, \u00e0 l\u2019exception des forfaits annuels. Apr\u00e8s cela, le co\u00fbt est de <strong data-start=\"2285\" data-end=\"2307\">0,70 $ par message<\/strong>. Les messages premium ne sont pas inclus.<\/p>\t\t\t\t\t\t\t\t<\/div>\n\t\t\t\t<div class=\"elementor-element elementor-element-775d070 elementor-widget elementor-widget-heading\" data-id=\"775d070\" data-element_type=\"widget\" data-e-type=\"widget\" data-widget_type=\"heading.default\">\n\t\t\t\t\t<h2 class=\"elementor-heading-title elementor-size-default\">Pour les forfaits de 39 $ et plus<\/h2>\t\t\t\t<\/div>\n\t\t\t\t<div class=\"elementor-element elementor-element-eea8511 elementor-widget elementor-widget-text-editor\" data-id=\"eea8511\" data-element_type=\"widget\" data-e-type=\"widget\" data-widget_type=\"text-editor.default\">\n\t\t\t\t\t\t\t\t\t<p>Messages entrants et sortants illimit\u00e9s vers le Canada, les \u00c9tats-Unis et l\u2019international, \u00e0 l\u2019exception des forfaits annuels.<\/p>\t\t\t\t\t\t\t\t<\/div>\n\t\t\t\t<div class=\"elementor-element elementor-element-7578370 elementor-widget elementor-widget-heading\" data-id=\"7578370\" data-element_type=\"widget\" data-e-type=\"widget\" data-widget_type=\"heading.default\">\n\t\t\t\t\t<h2 class=\"elementor-heading-title elementor-size-default\">Messagerie Vocale<\/h2>\t\t\t\t<\/div>\n\t\t\t\t<div class=\"elementor-element elementor-element-fd7e68c elementor-widget elementor-widget-text-editor\" data-id=\"fd7e68c\" data-element_type=\"widget\" data-e-type=\"widget\" data-widget_type=\"text-editor.default\">\n\t\t\t\t\t\t\t\t\t<p data-start=\"0\" data-end=\"161\">Enregistrez un message d\u2019accueil personnalis\u00e9 et conservez jusqu\u2019\u00e0 10 messages de trois minutes chacun, pendant un maximum de cinq jours.<\/p><p data-start=\"163\" data-end=\"280\" data-is-last-node=\"\" data-is-only-node=\"\">Pour consulter les conditions g\u00e9n\u00e9rales d\u00e9taill\u00e9es, visitez :\u00a0<a class=\"decorated-link\" href=\"https:\/\/www.chatrwireless.com\/terms\/terms-of-service\" target=\"_new\" rel=\"noopener\" data-start=\"227\" data-end=\"279\">https:\/\/www.chatrwireless.com\/terms\/terms-of-service<\/a><\/p>\t\t\t\t\t\t\t\t<\/div>\n\t\t\t\t\t<\/div>\n\t\t<\/div>\n\t\t\t\t\t<\/div>\n\t\t<\/section>\n\t\t\t\t\t<\/div>\n\t\t<\/div>\n\t\t\t\t\t<\/div>\n\t\t<\/section>\n\t\t\t\t<\/div>\n\t\t","protected":false},"excerpt":{"rendered":"<p>Conditions G\u00e9n\u00e9rales Les forfaits et les offres peuvent \u00eatre modifi\u00e9s sans pr\u00e9avis, dans la limite des quantit\u00e9s disponibles. Les taxes sont en sus. Les donn\u00e9es non utilis\u00e9es ne sont pas report\u00e9es au mois suivant. L\u2019utilisation des donn\u00e9es est arrondie au kilo-octet (Ko) complet sup\u00e9rieur. Des frais d\u2019utilisation exc\u00e9dentaire de donn\u00e9es et d\u2019itin\u00e9rance des donn\u00e9es peuvent s\u2019appliquer, le cas \u00e9ch\u00e9ant. Toute modification \u00e0 votre forfait, y compris l\u2019ajout d\u2019une option de forfait, doit \u00eatre effectu\u00e9e la veille de la date anniversaire de votre forfait. Sinon, les frais mensuels complets de votre forfait actuel s\u2019appliqueront en plus des frais mensuels du nouveau forfait ou de l\u2019option ajout\u00e9e. Si vous vous inscrivez au paiement automatique et que vous avez un forfait admissible au paiement automatique, nous ajouterons le bonus applicable \u00e0 votre compte, lequel sera trait\u00e9 dans les 48 heures suivant le paiement r\u00e9ussi. Toutefois, si vous n\u2019\u00eates plus inscrit au programme de paiement automatique ou si la carte de cr\u00e9dit, Visa D\u00e9bit ou D\u00e9bit Mastercard fournie ne peut pas \u00eatre d\u00e9bit\u00e9e, aucun bonus ne sera appliqu\u00e9 \u00e0 votre compte. L\u2019admissibilit\u00e9 au bonus mon\u00e9taire, le cas \u00e9ch\u00e9ant, n\u2019est autoris\u00e9e qu\u2019une seule fois pendant toute la dur\u00e9e de vie du compte du client et ne peut pas \u00eatre r\u00e9tablie si vous changez d\u2019offre de bonus. Pour les clients qui activent un nouveau compte pr\u00e9pay\u00e9, si votre compte est inactif au 58e jour suivant votre date d\u2019activation initiale, votre compte sera d\u00e9sactiv\u00e9. Si le solde de votre compte demeure inf\u00e9rieur au montant des frais mensuels de votre forfait pendant trois mois cons\u00e9cutifs, votre compte sera \u00e9galement d\u00e9sactiv\u00e9. Une fois d\u00e9sactiv\u00e9, vous perdrez le num\u00e9ro de t\u00e9l\u00e9phone mobile qui vous a \u00e9t\u00e9 attribu\u00e9. Effectuez des appels illimit\u00e9s vers n\u2019importe quel num\u00e9ro canadien depuis n\u2019importe o\u00f9 au Canada, \u00e0 l\u2019exception des forfaits annuels. Pour les forfaits de moins de 39 $ :Messages entrants illimit\u00e9s et 2 000 messages sortants vers le Canada, les \u00c9tats-Unis et l\u2019international. Recevez des messages texte, photo et vid\u00e9o entrants illimit\u00e9s. Envoyez jusqu\u2019\u00e0 2 000 messages vers des num\u00e9ros mobiles au Canada, aux \u00c9tats-Unis et \u00e0 l\u2019international, \u00e0 l\u2019exception des forfaits annuels. Apr\u00e8s cela, le co\u00fbt est de 0,70 $ par message. Les messages premium ne sont pas inclus. Pour les forfaits de 39 $ et plus Messages entrants et sortants illimit\u00e9s vers le Canada, les \u00c9tats-Unis et l\u2019international, \u00e0 l\u2019exception des forfaits annuels. Messagerie Vocale Enregistrez un message d\u2019accueil personnalis\u00e9 et conservez jusqu\u2019\u00e0 10 messages de trois minutes chacun, pendant un maximum de cinq jours. Pour consulter les conditions g\u00e9n\u00e9rales d\u00e9taill\u00e9es, visitez :\u00a0https:\/\/www.chatrwireless.com\/terms\/terms-of-service<\/p>\n","protected":false},"author":1,"featured_media":0,"parent":0,"menu_order":0,"comment_status":"closed","ping_status":"closed","template":"elementor_header_footer","meta":{"footnotes":""},"class_list":["post-966","page","type-page","status-publish","hentry","entry","owp-thumbs-layout-horizontal","owp-btn-big","owp-tabs-layout-horizontal","has-no-thumbnails"],"_links":{"self":[{"href":"https:\/\/gsmphone.testinglinq.com\/fr\/wp-json\/wp\/v2\/pages\/966","targetHints":{"allow":["GET"]}}],"collection":[{"href":"https:\/\/gsmphone.testinglinq.com\/fr\/wp-json\/wp\/v2\/pages"}],"about":[{"href":"https:\/\/gsmphone.testinglinq.com\/fr\/wp-json\/wp\/v2\/types\/page"}],"author":[{"embeddable":true,"href":"https:\/\/gsmphone.testinglinq.com\/fr\/wp-json\/wp\/v2\/users\/1"}],"replies":[{"embeddable":true,"href":"https:\/\/gsmphone.testinglinq.com\/fr\/wp-json\/wp\/v2\/comments?post=966"}],"version-history":[{"count":44,"href":"https:\/\/gsmphone.testinglinq.com\/fr\/wp-json\/wp\/v2\/pages\/966\/revisions"}],"predecessor-version":[{"id":3067,"href":"https:\/\/gsmphone.testinglinq.com\/fr\/wp-json\/wp\/v2\/pages\/966\/revisions\/3067"}],"wp:attachment":[{"href":"https:\/\/gsmphone.testinglinq.com\/fr\/wp-json\/wp\/v2\/media?parent=966"}],"curies":[{"name":"wp","href":"https:\/\/api.w.org\/{rel}","templated":true}]}}