{"id":72,"date":"2025-12-17T06:16:21","date_gmt":"2025-12-17T06:16:21","guid":{"rendered":"https:\/\/gsmphone.testinglinq.com\/?page_id=72"},"modified":"2026-03-09T07:14:41","modified_gmt":"2026-03-09T07:14:41","slug":"comment-acheter","status":"publish","type":"page","link":"https:\/\/gsmphone.testinglinq.com\/fr\/comment-acheter\/","title":{"rendered":"Comment Acheter"},"content":{"rendered":"\t\t<div data-elementor-type=\"wp-page\" data-elementor-id=\"72\" class=\"elementor elementor-72\">\n\t\t\t\t\t\t<section class=\"elementor-section elementor-top-section elementor-element elementor-element-8370bbc elementor-section-boxed elementor-section-height-default elementor-section-height-default wpr-particle-no wpr-jarallax-no wpr-parallax-no wpr-sticky-section-no\" data-id=\"8370bbc\" data-element_type=\"section\" data-e-type=\"section\" data-settings=\"{&quot;background_background&quot;:&quot;classic&quot;}\">\n\t\t\t\t\t\t<div class=\"elementor-container elementor-column-gap-default\">\n\t\t\t\t\t<div class=\"elementor-column elementor-col-100 elementor-top-column elementor-element elementor-element-16c7940\" data-id=\"16c7940\" data-element_type=\"column\" data-e-type=\"column\">\n\t\t\t<div class=\"elementor-widget-wrap elementor-element-populated\">\n\t\t\t\t\t\t<section class=\"elementor-section elementor-inner-section elementor-element elementor-element-6f2d02c elementor-section-boxed elementor-section-height-default elementor-section-height-default wpr-particle-no wpr-jarallax-no wpr-parallax-no wpr-sticky-section-no\" data-id=\"6f2d02c\" data-element_type=\"section\" data-e-type=\"section\">\n\t\t\t\t\t\t<div class=\"elementor-container elementor-column-gap-default\">\n\t\t\t\t\t<div class=\"elementor-column elementor-col-33 elementor-inner-column elementor-element elementor-element-023f296\" data-id=\"023f296\" data-element_type=\"column\" data-e-type=\"column\">\n\t\t\t<div class=\"elementor-widget-wrap\">\n\t\t\t\t\t\t\t<\/div>\n\t\t<\/div>\n\t\t\t\t<div class=\"elementor-column elementor-col-33 elementor-inner-column elementor-element elementor-element-2d92b8b\" data-id=\"2d92b8b\" data-element_type=\"column\" data-e-type=\"column\">\n\t\t\t<div class=\"elementor-widget-wrap elementor-element-populated\">\n\t\t\t\t\t\t<div class=\"elementor-element elementor-element-9600d86 elementor-widget elementor-widget-heading\" data-id=\"9600d86\" data-element_type=\"widget\" data-e-type=\"widget\" data-widget_type=\"heading.default\">\n\t\t\t\t\t<p class=\"elementor-heading-title elementor-size-default\">Comment Acheter<\/p>\t\t\t\t<\/div>\n\t\t\t\t<div class=\"elementor-element elementor-element-56e0742 elementor-widget elementor-widget-heading\" data-id=\"56e0742\" data-element_type=\"widget\" data-e-type=\"widget\" data-widget_type=\"heading.default\">\n\t\t\t\t\t<p class=\"elementor-heading-title elementor-size-default\">Obtenez facilement votre SIM et votre forfait \u2014 t\u00e9l\u00e9phone en option.<\/p>\t\t\t\t<\/div>\n\t\t\t\t\t<\/div>\n\t\t<\/div>\n\t\t\t\t<div class=\"elementor-column elementor-col-33 elementor-inner-column elementor-element elementor-element-911069e\" data-id=\"911069e\" data-element_type=\"column\" data-e-type=\"column\">\n\t\t\t<div class=\"elementor-widget-wrap\">\n\t\t\t\t\t\t\t<\/div>\n\t\t<\/div>\n\t\t\t\t\t<\/div>\n\t\t<\/section>\n\t\t\t\t<section class=\"elementor-section elementor-inner-section elementor-element elementor-element-16dbdec elementor-section-boxed elementor-section-height-default elementor-section-height-default wpr-particle-no wpr-jarallax-no wpr-parallax-no wpr-sticky-section-no\" data-id=\"16dbdec\" data-element_type=\"section\" data-e-type=\"section\">\n\t\t\t\t\t\t<div class=\"elementor-container elementor-column-gap-default\">\n\t\t\t\t\t<div class=\"elementor-column elementor-col-25 elementor-inner-column elementor-element elementor-element-10eab11\" data-id=\"10eab11\" data-element_type=\"column\" data-e-type=\"column\" data-settings=\"{&quot;background_background&quot;:&quot;classic&quot;}\">\n\t\t\t<div class=\"elementor-widget-wrap elementor-element-populated\">\n\t\t\t\t\t\t<div class=\"elementor-element elementor-element-1fc2de3 elementor-position-top elementor-widget elementor-widget-image-box\" data-id=\"1fc2de3\" data-element_type=\"widget\" data-e-type=\"widget\" data-widget_type=\"image-box.default\">\n\t\t\t\t\t<div class=\"elementor-image-box-wrapper\"><figure class=\"elementor-image-box-img\"><img fetchpriority=\"high\" decoding=\"async\" width=\"353\" height=\"512\" src=\"https:\/\/gsmphone.testinglinq.com\/fr\/wp-content\/uploads\/2026\/01\/IMG_6506-e1769414380842.webp\" class=\"attachment-full size-full wp-image-1431\" alt=\"\" srcset=\"https:\/\/gsmphone.testinglinq.com\/fr\/wp-content\/uploads\/2026\/01\/IMG_6506-e1769414380842.webp 353w, https:\/\/gsmphone.testinglinq.com\/fr\/wp-content\/uploads\/2026\/01\/IMG_6506-e1769414380842-207x300.webp 207w\" sizes=\"(max-width: 353px) 100vw, 353px\" \/><\/figure><div class=\"elementor-image-box-content\"><h3 class=\"elementor-image-box-title\">Choisissez un Forfait<\/h3><p class=\"elementor-image-box-description\">S\u00e9lectionnez le forfait qui vous convient.<\/p><\/div><\/div>\t\t\t\t<\/div>\n\t\t\t\t\t<\/div>\n\t\t<\/div>\n\t\t\t\t<div class=\"elementor-column elementor-col-25 elementor-inner-column elementor-element elementor-element-15c6ebf\" data-id=\"15c6ebf\" data-element_type=\"column\" data-e-type=\"column\" data-settings=\"{&quot;background_background&quot;:&quot;classic&quot;}\">\n\t\t\t<div class=\"elementor-widget-wrap elementor-element-populated\">\n\t\t\t\t\t\t<div class=\"elementor-element elementor-element-a7a4686 elementor-position-top elementor-widget elementor-widget-image-box\" data-id=\"a7a4686\" data-element_type=\"widget\" data-e-type=\"widget\" data-widget_type=\"image-box.default\">\n\t\t\t\t\t<div class=\"elementor-image-box-wrapper\"><figure class=\"elementor-image-box-img\"><img decoding=\"async\" width=\"512\" height=\"512\" src=\"https:\/\/gsmphone.testinglinq.com\/fr\/wp-content\/uploads\/2026\/02\/Select-a-Device.webp\" class=\"attachment-full size-full wp-image-2604\" alt=\"\" srcset=\"https:\/\/gsmphone.testinglinq.com\/fr\/wp-content\/uploads\/2026\/02\/Select-a-Device.webp 512w, https:\/\/gsmphone.testinglinq.com\/fr\/wp-content\/uploads\/2026\/02\/Select-a-Device-300x300.webp 300w, https:\/\/gsmphone.testinglinq.com\/fr\/wp-content\/uploads\/2026\/02\/Select-a-Device-150x150.webp 150w, https:\/\/gsmphone.testinglinq.com\/fr\/wp-content\/uploads\/2026\/02\/Select-a-Device-100x100.webp 100w\" sizes=\"(max-width: 512px) 100vw, 512px\" \/><\/figure><div class=\"elementor-image-box-content\"><h3 class=\"elementor-image-box-title\">Choisissez un Appareil<\/h3><p class=\"elementor-image-box-description\">T\u00e9l\u00e9phones abordables \u00e0 prix comp\u00e9titifs.<\/p><\/div><\/div>\t\t\t\t<\/div>\n\t\t\t\t\t<\/div>\n\t\t<\/div>\n\t\t\t\t<div class=\"elementor-column elementor-col-25 elementor-inner-column elementor-element elementor-element-f8a224d\" data-id=\"f8a224d\" data-element_type=\"column\" data-e-type=\"column\" data-settings=\"{&quot;background_background&quot;:&quot;classic&quot;}\">\n\t\t\t<div class=\"elementor-widget-wrap elementor-element-populated\">\n\t\t\t\t\t\t<div class=\"elementor-element elementor-element-8728dff elementor-position-top elementor-widget elementor-widget-image-box\" data-id=\"8728dff\" data-element_type=\"widget\" data-e-type=\"widget\" data-widget_type=\"image-box.default\">\n\t\t\t\t\t<div class=\"elementor-image-box-wrapper\"><figure class=\"elementor-image-box-img\"><img decoding=\"async\" width=\"512\" height=\"512\" src=\"https:\/\/gsmphone.testinglinq.com\/fr\/wp-content\/uploads\/2026\/01\/IMG_6505.webp\" class=\"attachment-full size-full wp-image-1432\" alt=\"\" srcset=\"https:\/\/gsmphone.testinglinq.com\/fr\/wp-content\/uploads\/2026\/01\/IMG_6505.webp 512w, https:\/\/gsmphone.testinglinq.com\/fr\/wp-content\/uploads\/2026\/01\/IMG_6505-300x300.webp 300w, https:\/\/gsmphone.testinglinq.com\/fr\/wp-content\/uploads\/2026\/01\/IMG_6505-150x150.webp 150w, https:\/\/gsmphone.testinglinq.com\/fr\/wp-content\/uploads\/2026\/01\/IMG_6505-100x100.webp 100w\" sizes=\"(max-width: 512px) 100vw, 512px\" \/><\/figure><div class=\"elementor-image-box-content\"><h3 class=\"elementor-image-box-title\">Entrez vos Informations<\/h3><p class=\"elementor-image-box-description\">Remplissez vos donn\u00e9es de base pour commencer.<\/p><\/div><\/div>\t\t\t\t<\/div>\n\t\t\t\t\t<\/div>\n\t\t<\/div>\n\t\t\t\t<div class=\"elementor-column elementor-col-25 elementor-inner-column elementor-element elementor-element-5587268\" data-id=\"5587268\" data-element_type=\"column\" data-e-type=\"column\" data-settings=\"{&quot;background_background&quot;:&quot;classic&quot;}\">\n\t\t\t<div class=\"elementor-widget-wrap elementor-element-populated\">\n\t\t\t\t\t\t<div class=\"elementor-element elementor-element-c59af1e elementor-position-top elementor-widget elementor-widget-image-box\" data-id=\"c59af1e\" data-element_type=\"widget\" data-e-type=\"widget\" data-widget_type=\"image-box.default\">\n\t\t\t\t\t<div class=\"elementor-image-box-wrapper\"><figure class=\"elementor-image-box-img\"><img loading=\"lazy\" decoding=\"async\" width=\"265\" height=\"415\" src=\"https:\/\/gsmphone.testinglinq.com\/fr\/wp-content\/uploads\/2026\/01\/PickUpYourSimCard-e1769519392998.webp\" class=\"attachment-full size-full wp-image-1454\" alt=\"\" srcset=\"https:\/\/gsmphone.testinglinq.com\/fr\/wp-content\/uploads\/2026\/01\/PickUpYourSimCard-e1769519392998.webp 265w, https:\/\/gsmphone.testinglinq.com\/fr\/wp-content\/uploads\/2026\/01\/PickUpYourSimCard-e1769519392998-192x300.webp 192w\" sizes=\"(max-width: 265px) 100vw, 265px\" \/><\/figure><div class=\"elementor-image-box-content\"><h3 class=\"elementor-image-box-title\">R\u00e9cup\u00e9rez votre SIM<\/h3><p class=\"elementor-image-box-description\">Passez dans l\u2019un de nos magasins pour de l\u2019aide amicale.\n<\/p><\/div><\/div>\t\t\t\t<\/div>\n\t\t\t\t\t<\/div>\n\t\t<\/div>\n\t\t\t\t\t<\/div>\n\t\t<\/section>\n\t\t\t\t\t<\/div>\n\t\t<\/div>\n\t\t\t\t\t<\/div>\n\t\t<\/section>\n\t\t\t\t<\/div>\n\t\t","protected":false},"excerpt":{"rendered":"<p>Comment Acheter Obtenez facilement votre SIM et votre forfait \u2014 t\u00e9l\u00e9phone en option. Choisissez un Forfait S\u00e9lectionnez le forfait qui vous convient. Choisissez un Appareil T\u00e9l\u00e9phones abordables \u00e0 prix comp\u00e9titifs. Entrez vos Informations Remplissez vos donn\u00e9es de base pour commencer. R\u00e9cup\u00e9rez votre SIM Passez dans l\u2019un de nos magasins pour de l\u2019aide amicale.<\/p>\n","protected":false},"author":1,"featured_media":0,"parent":0,"menu_order":0,"comment_status":"closed","ping_status":"closed","template":"elementor_header_footer","meta":{"footnotes":""},"class_list":["post-72","page","type-page","status-publish","hentry","entry","owp-thumbs-layout-horizontal","owp-btn-big","owp-tabs-layout-horizontal","has-no-thumbnails"],"_links":{"self":[{"href":"https:\/\/gsmphone.testinglinq.com\/fr\/wp-json\/wp\/v2\/pages\/72","targetHints":{"allow":["GET"]}}],"collection":[{"href":"https:\/\/gsmphone.testinglinq.com\/fr\/wp-json\/wp\/v2\/pages"}],"about":[{"href":"https:\/\/gsmphone.testinglinq.com\/fr\/wp-json\/wp\/v2\/types\/page"}],"author":[{"embeddable":true,"href":"https:\/\/gsmphone.testinglinq.com\/fr\/wp-json\/wp\/v2\/users\/1"}],"replies":[{"embeddable":true,"href":"https:\/\/gsmphone.testinglinq.com\/fr\/wp-json\/wp\/v2\/comments?post=72"}],"version-history":[{"count":23,"href":"https:\/\/gsmphone.testinglinq.com\/fr\/wp-json\/wp\/v2\/pages\/72\/revisions"}],"predecessor-version":[{"id":3032,"href":"https:\/\/gsmphone.testinglinq.com\/fr\/wp-json\/wp\/v2\/pages\/72\/revisions\/3032"}],"wp:attachment":[{"href":"https:\/\/gsmphone.testinglinq.com\/fr\/wp-json\/wp\/v2\/media?parent=72"}],"curies":[{"name":"wp","href":"https:\/\/api.w.org\/{rel}","templated":true}]}}